{"id":1062,"date":"2021-12-27T17:24:39","date_gmt":"2021-12-27T17:24:39","guid":{"rendered":"http:\/\/fastwpdemo.com\/newwp\/bluebell\/?page_id=1062"},"modified":"2022-09-02T04:00:43","modified_gmt":"2022-09-02T04:00:43","slug":"contactez-nous","status":"publish","type":"page","link":"https:\/\/rovillage.com\/fr\/contactez-nous\/","title":{"rendered":"R\u00c9SERVEZ VOTRE S\u00c9JOUR"},"content":{"rendered":"\t\t<div data-elementor-type=\"wp-page\" data-elementor-id=\"1062\" class=\"elementor elementor-1062\">\n\t\t\t\t\t\t<section class=\"elementor-section elementor-top-section elementor-element elementor-element-d7dcc9d elementor-section-full_width elementor-section-height-default elementor-section-height-default\" data-id=\"d7dcc9d\" data-element_type=\"section\">\n\t\t\t\t\t\t<div class=\"elementor-container elementor-column-gap-default\">\n\t\t\t\t\t<div class=\"elementor-column elementor-col-100 elementor-top-column elementor-element elementor-element-88cd717\" data-id=\"88cd717\" data-element_type=\"column\">\n\t\t\t<div class=\"elementor-widget-wrap elementor-element-populated\">\n\t\t\t\t\t\t<div class=\"elementor-element elementor-element-44f7d43 elementor-widget elementor-widget-bluebell_contact_us\" data-id=\"44f7d43\" data-element_type=\"widget\" data-widget_type=\"bluebell_contact_us.default\">\n\t\t\t\t<div class=\"elementor-widget-container\">\n\t\t\t        \n        \n \t\n    <section class=\"contact-form-section light-bg mx-60 border-shape-top border-shape-bottom\">\n        <div class=\"auto-container\">        \n            <div class=\"sec-title\">\n                <div class=\"sub-title\">contactez-nous<\/div>                <h2>Vous voulez en savoir plus sur notre concept de retraite traditionnelle ? Louez une maison au prix de 120 Euro \/ nuit, pour deux personnes plus un enfant en bas \u00e2ge.<\/h2>                <div class=\"text\">Le prix comprend l'h\u00e9bergement dans une maison priv\u00e9e traditionnelle, pour 2 personnes plus les enfants, et inclut le petit-d\u00e9jeuner traditionnel mais aussi l'acc\u00e8s aux installations de Wellness &amp; Spa : piscine ext\u00e9rieure avec vue sur la montagne, jacuzzi pour les soir\u00e9es fra\u00eeches, mine de sel et sauna sec .\n\n<br>Remplissez le formulaire ci-dessous pour louer une maison dans les meilleurs d\u00e9lais. \n<\/br>\n<\/br>Tr\u00e8s important, n'oubliez pas de nous laisser vos coordonn\u00e9es, soit par courriel ou par t\u00e9l\u00e9phone, ainsi que les dates de l'h\u00e9bergement, pour discuter des d\u00e9tails de la r\u00e9servation. Nous vous r\u00e9pondrons dans les plus brefs d\u00e9lais. <\/div>            <\/div>\n            <div class=\"row\">\n                                <div class=\"col-lg-8\">\n                    \n                  \t<div class=\"contact-form style-two\">\n                       \n<div class=\"wpcf7 no-js\" id=\"wpcf7-f1065-o1\" lang=\"en-US\" dir=\"ltr\">\n<div class=\"screen-reader-response\"><p role=\"status\" aria-live=\"polite\" aria-atomic=\"true\"><\/p> <ul><\/ul><\/div>\n<form action=\"\/fr\/wp-json\/wp\/v2\/pages\/1062#wpcf7-f1065-o1\" method=\"post\" class=\"wpcf7-form init\" aria-label=\"Contact form\" novalidate=\"novalidate\" data-status=\"init\">\n<div style=\"display: none;\">\n<input type=\"hidden\" name=\"_wpcf7\" value=\"1065\" \/>\n<input type=\"hidden\" name=\"_wpcf7_version\" value=\"5.9.5\" \/>\n<input type=\"hidden\" name=\"_wpcf7_locale\" value=\"en_US\" \/>\n<input type=\"hidden\" name=\"_wpcf7_unit_tag\" value=\"wpcf7-f1065-o1\" \/>\n<input type=\"hidden\" name=\"_wpcf7_container_post\" value=\"0\" \/>\n<input type=\"hidden\" name=\"_wpcf7_posted_data_hash\" value=\"\" \/>\n<\/div>\n<div class=\"row\">\n\t<div class=\"form-group col-md-6\">\n\t\t<p><span class=\"wpcf7-form-control-wrap\" data-name=\"text-774\"><input size=\"40\" class=\"wpcf7-form-control wpcf7-text wpcf7-validates-as-required\" aria-required=\"true\" aria-invalid=\"false\" placeholder=\"Votre nom\" value=\"\" type=\"text\" name=\"text-774\" \/><\/span>\n\t\t<\/p>\n\t<\/div>\n\t<div class=\"form-group col-md-6\">\n\t\t<p><span class=\"wpcf7-form-control-wrap\" data-name=\"email-161\"><input size=\"40\" class=\"wpcf7-form-control wpcf7-email wpcf7-validates-as-required wpcf7-text wpcf7-validates-as-email\" aria-required=\"true\" aria-invalid=\"false\" value=\"Votre e-mail\" type=\"email\" name=\"email-161\" \/><\/span>\n\t\t<\/p>\n\t<\/div>\n\t<div class=\"form-group col-md-6\">\n\t\t<p><span class=\"wpcf7-form-control-wrap\" data-name=\"text-775\"><input size=\"40\" class=\"wpcf7-form-control wpcf7-text\" aria-invalid=\"false\" placeholder=\"N\u00b0 de t\u00e9l\u00e9phone\" value=\"\" type=\"text\" name=\"text-775\" \/><\/span>\n\t\t<\/p>\n\t<\/div>\n\t<div class=\"form-group col-md-6\">\n\t\t<p><span class=\"wpcf7-form-control-wrap\" data-name=\"text-776\"><input size=\"40\" class=\"wpcf7-form-control wpcf7-text\" aria-invalid=\"false\" placeholder=\"Sujet\" value=\"\" type=\"text\" name=\"text-776\" \/><\/span>\n\t\t<\/p>\n\t<\/div>\n\t<div class=\"form-group col-md-12\">\n\t\t<p><span class=\"wpcf7-form-control-wrap\" data-name=\"textarea-340\"><textarea cols=\"40\" rows=\"10\" class=\"wpcf7-form-control wpcf7-textarea wpcf7-validates-as-required\" aria-required=\"true\" aria-invalid=\"false\" name=\"textarea-340\">\u00c9crire un massage<\/textarea><\/span>\n\t\t<\/p>\n\t<\/div>\n\t<div class=\"form-group col-md-12\">\n\t\t<p><input id=\"form_botcheck\" name=\"form_botcheck\" class=\"form-control\" type=\"hidden\" value=\"\" \/><br \/>\n<button class=\"theme-btn btn-style-one\" type=\"submit\" data-loading-text=\"Please wait...\"><span>Envoyez le message<\/span><\/button>\n\t\t<\/p>\n\t<\/div>\n<\/div><p style=\"display: none !important;\" class=\"akismet-fields-container\" data-prefix=\"_wpcf7_ak_\"><label>&#916;<textarea name=\"_wpcf7_ak_hp_textarea\" cols=\"45\" rows=\"8\" maxlength=\"100\"><\/textarea><\/label><input type=\"hidden\" id=\"ak_js_1\" name=\"_wpcf7_ak_js\" value=\"68\"\/><script>document.getElementById( \"ak_js_1\" ).setAttribute( \"value\", ( new Date() ).getTime() );<\/script><\/p><div class=\"wpcf7-response-output\" aria-hidden=\"true\"><\/div>\n<\/form>\n<\/div>\n                    <\/div>\n                <\/div>\n                                \n                                <div class=\"col-lg-4 icon_box\">\n                    <div class=\"inner-box\">\n                                                <h4>RoVillage Romania - <br>l'un des plus anciens villages roumains datant des ann\u00e9es 1900.<\/h4>\n                        <div class=\"border-shap\"><\/div>\n                                                \n                        <div class=\"text-two\">Village. Rusesti - Bulzestii <br>de Sus | Hunedoara County, Transylvania, 337156.<\/div>                        <div class=\"text-three\"><a href=\"http:\/\/hello@rovillage.com\">hello@rovillage.com<\/a><\/div>                    <\/div>\n                    <div class=\"icon-box\">\n                        <h4>Vous avez des questions \u00e0 nous poser ? Appelez-nous en toute confiance par t\u00e9l\u00e9phone :<\/h4>                        <div class=\"icon\"><h5><i class=\"fas fa-phone\"><\/i><a href=\"tel:0728959697\">0728959697<\/a><\/h5><\/div>                                            <\/div>\n                <\/div>\n                            <\/div>\n        <\/div>\n    <\/section>        \n        \n\t\t\t\t<\/div>\n\t\t\t\t<\/div>\n\t\t\t\t\t<\/div>\n\t\t<\/div>\n\t\t\t\t\t<\/div>\n\t\t<\/section>\n\t\t\t\t<section class=\"elementor-section elementor-top-section elementor-element elementor-element-8e80e5c elementor-section-full_width elementor-section-height-default elementor-section-height-default\" data-id=\"8e80e5c\" data-element_type=\"section\">\n\t\t\t\t\t\t<div class=\"elementor-container elementor-column-gap-default\">\n\t\t\t\t\t<div class=\"elementor-column elementor-col-100 elementor-top-column elementor-element elementor-element-47e1e54\" data-id=\"47e1e54\" data-element_type=\"column\">\n\t\t\t<div class=\"elementor-widget-wrap elementor-element-populated\">\n\t\t\t\t\t\t<div class=\"elementor-element elementor-element-8fb4be7 elementor-widget elementor-widget-google_maps\" data-id=\"8fb4be7\" data-element_type=\"widget\" data-widget_type=\"google_maps.default\">\n\t\t\t\t<div class=\"elementor-widget-container\">\n\t\t\t<style>\/*! elementor - v3.21.0 - 26-05-2024 *\/\n.elementor-widget-google_maps .elementor-widget-container{overflow:hidden}.elementor-widget-google_maps .elementor-custom-embed{line-height:0}.elementor-widget-google_maps iframe{height:300px}<\/style>\t\t<div class=\"elementor-custom-embed\">\n\t\t\t<iframe loading=\"lazy\"\n\t\t\t\t\tsrc=\"https:\/\/maps.google.com\/maps?q=Sat.Ruse%C8%99ti%20Comuna%20Bulze%C8%99tii%20de%20Sus%20Jude%C8%9Bul%20Hunedoara%2C%20Transilvania%2C%20Ruse%C8%99ti%20337156%2C%20Rom%C3%A2nia&#038;t=m&#038;z=11&#038;output=embed&#038;iwloc=near\"\n\t\t\t\t\ttitle=\"Sat.Ruse\u0219ti Comuna Bulze\u0219tii de Sus Jude\u021bul Hunedoara, Transilvania, Ruse\u0219ti 337156, Rom\u00e2nia\"\n\t\t\t\t\taria-label=\"Sat.Ruse\u0219ti Comuna Bulze\u0219tii de Sus Jude\u021bul Hunedoara, Transilvania, Ruse\u0219ti 337156, Rom\u00e2nia\"\n\t\t\t><\/iframe>\n\t\t<\/div>\n\t\t\t\t<\/div>\n\t\t\t\t<\/div>\n\t\t\t\t\t<\/div>\n\t\t<\/div>\n\t\t\t\t\t<\/div>\n\t\t<\/section>\n\t\t\t\t<\/div>\n\t\t","protected":false},"excerpt":{"rendered":"<p>contactez-nous Vous voulez en savoir plus sur notre concept de retraite traditionnelle ? Louez une maison au prix de 120 Euro \/ nuit, pour deux personnes plus un enfant en bas \u00e2ge. Le prix comprend l&#8217;h\u00e9bergement dans une maison priv\u00e9e traditionnelle, pour 2 personnes plus les enfants, et inclut le petit-d\u00e9jeuner traditionnel mais aussi l&#8217;acc\u00e8s [&hellip;]<\/p>\n","protected":false},"author":1,"featured_media":0,"parent":0,"menu_order":0,"comment_status":"closed","ping_status":"closed","template":"tpl-default-elementor.php","meta":{"footnotes":""},"class_list":["post-1062","page","type-page","status-publish","hentry"],"aioseo_notices":[],"_links":{"self":[{"href":"https:\/\/rovillage.com\/fr\/wp-json\/wp\/v2\/pages\/1062","targetHints":{"allow":["GET"]}}],"collection":[{"href":"https:\/\/rovillage.com\/fr\/wp-json\/wp\/v2\/pages"}],"about":[{"href":"https:\/\/rovillage.com\/fr\/wp-json\/wp\/v2\/types\/page"}],"author":[{"embeddable":true,"href":"https:\/\/rovillage.com\/fr\/wp-json\/wp\/v2\/users\/1"}],"replies":[{"embeddable":true,"href":"https:\/\/rovillage.com\/fr\/wp-json\/wp\/v2\/comments?post=1062"}],"version-history":[{"count":9,"href":"https:\/\/rovillage.com\/fr\/wp-json\/wp\/v2\/pages\/1062\/revisions"}],"predecessor-version":[{"id":3944,"href":"https:\/\/rovillage.com\/fr\/wp-json\/wp\/v2\/pages\/1062\/revisions\/3944"}],"wp:attachment":[{"href":"https:\/\/rovillage.com\/fr\/wp-json\/wp\/v2\/media?parent=1062"}],"curies":[{"name":"wp","href":"https:\/\/api.w.org\/{rel}","templated":true}]}}