{"id":809,"date":"2021-12-20T10:51:17","date_gmt":"2021-12-20T10:51:17","guid":{"rendered":"http:\/\/fastwpdemo.com\/newwp\/bluebell\/?page_id=809"},"modified":"2022-09-02T03:58:25","modified_gmt":"2022-09-02T03:58:25","slug":"sur-nous","status":"publish","type":"page","link":"https:\/\/rovillage.com\/fr\/sur-nous\/","title":{"rendered":"Sur nous"},"content":{"rendered":"\t\t<div data-elementor-type=\"wp-page\" data-elementor-id=\"809\" class=\"elementor elementor-809\">\n\t\t\t\t\t\t<section class=\"elementor-section elementor-top-section elementor-element elementor-element-789ccdf elementor-section-full_width elementor-section-height-default elementor-section-height-default\" data-id=\"789ccdf\" data-element_type=\"section\">\n\t\t\t\t\t\t<div class=\"elementor-container elementor-column-gap-default\">\n\t\t\t\t\t<div class=\"elementor-column elementor-col-100 elementor-top-column elementor-element elementor-element-b9ce891\" data-id=\"b9ce891\" data-element_type=\"column\">\n\t\t\t<div class=\"elementor-widget-wrap\">\n\t\t\t\t\t\t\t<\/div>\n\t\t<\/div>\n\t\t\t\t\t<\/div>\n\t\t<\/section>\n\t\t\t\t<section class=\"elementor-section elementor-top-section elementor-element elementor-element-d3b9117 elementor-section-full_width elementor-section-height-default elementor-section-height-default\" data-id=\"d3b9117\" data-element_type=\"section\">\n\t\t\t\t\t\t<div class=\"elementor-container elementor-column-gap-default\">\n\t\t\t\t\t<div class=\"elementor-column elementor-col-100 elementor-top-column elementor-element elementor-element-21bd685\" data-id=\"21bd685\" data-element_type=\"column\">\n\t\t\t<div class=\"elementor-widget-wrap elementor-element-populated\">\n\t\t\t\t\t\t<div class=\"elementor-element elementor-element-fea6ecb elementor-widget elementor-widget-bluebell_welcome_section_v3\" data-id=\"fea6ecb\" data-element_type=\"widget\" data-widget_type=\"bluebell_welcome_section_v3.default\">\n\t\t\t\t<div class=\"elementor-widget-container\">\n\t\t\t       \n \t\n    <section class=\" welcome-section-six light-bg mx-60 border-shape-top\">\n                <div class=\"auto-container\">\n            <div class=\"row\">\n                <div class=\"col-lg-6\">\n                    <div class=\"title-box\">\n                        <div class=\"sub-title\">CONCEPT TRADITIONNEL UNIQUE<\/div>                        <h2 class=\"sec-title sec-title small mb-30\">Un village de montagne dont l'histoire remonte aux ann\u00e9es 1900, il y a 120 ans.<\/h2>\n                                                <div class=\"text-two\">R\u00e9servez votre s\u00e9jour dans l'un des plus anciens villages traditionnels des monts Apuseni, datant des ann\u00e9es 1900. L'endroit id\u00e9al pour renouer avec la nature environnante et respirer l'air frais \u00e0 plus de 750 m\u00e8tres d'altitude.  <\/div>                        <div class=\"text-two\">D\u00e9couvrez la vie simple du pays, telle qu'elle \u00e9tait autrefois \u00e0 Tara Motilor, le seul endroit du pays o\u00f9 se trouvent des \u00e9tablissements de haute altitude, habit\u00e9s toute l'ann\u00e9e.\n<br>\n\n<br>R\u00e9servez une maison traditionnelle enti\u00e8re pour 2 personnes et des enfants, avec un d\u00e9licieux petit-d\u00e9jeuner traditionnel inclus, l'acc\u00e8s \u00e0 un bain en bois, un sauna sec, une mine de sel et un espace piscine. La salle \u00e0 manger est un espace semi-ouvert.\n\n\nLaissez notre chef priv\u00e9 ravir vos go\u00fbts culinaires. Explorez la vie simple de la campagne roumaine.\n <\/div>                       \n                                                <div class=\"author-info\">\n                            <div class=\"author-wrap\">\n                                                                                                                            <\/div>\n                            <div class=\"signature\"><img decoding=\"async\" src=\"https:\/\/rovillage.com\/fr\/ephudymu\/2022\/04\/montains.png\" alt=\"Awesome Image\"><\/div>                        <\/div>\n                  \t                      \n                    <\/div>\n                <\/div>\n                <div class=\"col-lg-6\">\n                \t<div class=\"text-end\">\n                    \t<div class=\"image\"><img decoding=\"async\" src=\"https:\/\/rovillage.com\/fr\/ephudymu\/2022\/06\/15.png\" alt=\"Awesome Image\"><\/div>\n                    <\/div>\n                <\/div>\n            <\/div>\n        <\/div>\n    <\/section>        \n    \n    \t\t<\/div>\n\t\t\t\t<\/div>\n\t\t\t\t\t<\/div>\n\t\t<\/div>\n\t\t\t\t\t<\/div>\n\t\t<\/section>\n\t\t\t\t<section class=\"elementor-section elementor-top-section elementor-element elementor-element-437b244 elementor-section-full_width elementor-section-height-default elementor-section-height-default\" data-id=\"437b244\" data-element_type=\"section\">\n\t\t\t\t\t\t<div class=\"elementor-container elementor-column-gap-default\">\n\t\t\t\t\t<div class=\"elementor-column elementor-col-100 elementor-top-column elementor-element elementor-element-7a9b732\" data-id=\"7a9b732\" data-element_type=\"column\">\n\t\t\t<div class=\"elementor-widget-wrap elementor-element-populated\">\n\t\t\t\t\t\t<div class=\"elementor-element elementor-element-1750e24 elementor-widget elementor-widget-bluebell_about_us_v5\" data-id=\"1750e24\" data-element_type=\"widget\" data-widget_type=\"bluebell_about_us_v5.default\">\n\t\t\t\t<div class=\"elementor-widget-container\">\n\t\t\t        \n        \n    \n    <section class=\"about-section-two dark_bg\">\n        <div class=\"container\">\n            \n            <div class=\"row justify-content-between\">\n                <div class=\"col-lg-7\">\n                                        <div class=\"text m-b0\">\n                        <div class=\"sub-title\">Une ann\u00e9e 1900 <\/div>                        <h2 class=\"sec-title text-light\">Notre histoire est ancienne, avec une touche de restauration simple et traditionnelle. <\/h2>                    <\/div>\n                                        <div class=\"text\">D\u00e9couvrez le hameau tel qu'il \u00e9tait dans les ann\u00e9es 1900. Un village simple, pr\u00e8s de la montagne de Gaina, \nsauv\u00e9 par la tristesse de la distinction, quand, apr\u00e8s la premi\u00e8re guerre mondiale, les villageois ont commenc\u00e9 \u00e0 quitter le foyer. Des hectares entiers de for\u00eats et d'espaces verts pour remplir vos poumons d'air frais, \u00e0 plus de 750 m\u00e8tres d'altitude.<\/div>                    <div class=\"image\"><img decoding=\"async\" src=\"https:\/\/rovillage.com\/fr\/ephudymu\/2022\/01\/rovillage-house-1-room-2-25.jpg\" alt=\"Awesome Image\"><\/div>                <\/div>\n                <div class=\"col-lg-5\">\n\n                    <div class=\"image-two\"><img decoding=\"async\" src=\"https:\/\/rovillage.com\/fr\/ephudymu\/2022\/06\/18.png\" alt=\"Awesome Image\"><\/div>                    <div class=\"content\">\n                        <div class=\"text-two\">L'ensemble de la zone d'h\u00e9bergement a \u00e9t\u00e9 soigneusement r\u00e9nov\u00e9 en prenant soin de pr\u00e9server l'architecture et les mat\u00e9riaux d'origine, en continuant \u00e0 utiliser autant que possible le bois naturel, les m\u00e9taux et les c\u00e9ramiques avec une note cr\u00e9ative-traditionnelle simple.\n<br>\n<br>\nFaisant partie des \u00e9tonnantes montagnes Apuseni (Europe du Sud-Est), Carpates occidentales, dans l'ouest de la Transylvanie, notre village est le bon choix pour d\u00e9couvrir les anciennes traditions, une escapade loin de la vie quotidienne de la ville. <\/div>                                            <\/div>\n                <\/div>\n            <\/div>\n        <\/div>\n    <\/section>\n\n    <div class=\"auto-container\">\n        <div class=\"boder-bottom-three\"><\/div>\n    <\/div>        \n        \n    \t\t<\/div>\n\t\t\t\t<\/div>\n\t\t\t\t<div class=\"elementor-element elementor-element-8af3cc6 elementor-widget elementor-widget-image\" data-id=\"8af3cc6\" data-element_type=\"widget\" data-widget_type=\"image.default\">\n\t\t\t\t<div class=\"elementor-widget-container\">\n\t\t\t<style>\/*! elementor - v3.21.0 - 26-05-2024 *\/\n.elementor-widget-image{text-align:center}.elementor-widget-image a{display:inline-block}.elementor-widget-image a img[src$=\".svg\"]{width:48px}.elementor-widget-image img{vertical-align:middle;display:inline-block}<\/style>\t\t\t\t\t\t\t\t\t\t<img decoding=\"async\" width=\"300\" height=\"148\" src=\"https:\/\/rovillage.com\/fr\/ephudymu\/2022\/04\/rov-300x148.png\" class=\"attachment-medium size-medium wp-image-1878\" alt=\"\" srcset=\"https:\/\/rovillage.com\/fr\/ephudymu\/2022\/04\/rov-300x148.png 300w, https:\/\/rovillage.com\/fr\/ephudymu\/2022\/04\/rov.png 508w\" sizes=\"(max-width: 300px) 100vw, 300px\" \/>\t\t\t\t\t\t\t\t\t\t\t\t\t<\/div>\n\t\t\t\t<\/div>\n\t\t\t\t<div class=\"elementor-element elementor-element-bce3a06 elementor-widget elementor-widget-bluebell_why_choose_us\" data-id=\"bce3a06\" data-element_type=\"widget\" data-widget_type=\"bluebell_why_choose_us.default\">\n\t\t\t\t<div class=\"elementor-widget-container\">\n\t\t\t        \n \t\n    <section class=\"why-choose-us-section mx-60 border-shape-bottom light-bg pt-0\">\n        <div class=\"auto-container\">\n                        <div class=\"title-box text-center\">\n                <div class=\"sub-title\"><\/br><\/br><\/br>exp\u00e9riences de vie \u00e0 la campagne<\/div>                <h2 class=\"sec-title\"><br>Prendre soin de nos h\u00f4tes et de leurs besoins est toujours une priorit\u00e9 agr\u00e9able ici, \u00e0 RoVillage retreat.<\/h2>                <div class=\"text\">\nComprendre les diff\u00e9rentes attentes de nos h\u00f4tes internes, essayer de les satisfaire et, pourquoi pas, de les d\u00e9passer. Notre retraite est ouverte uniquement \u00e0 nos clients internes, pour des exp\u00e9riences uniques et priv\u00e9es. Vacances ou travail \u00e0 distance, vous \u00eates entre de bonnes mains. <\/div>            <\/div>\n                        <div class=\"row\">\n                <div class=\"col-lg-6 why-choose-us-block\">\n                    <div class=\"image\"><img decoding=\"async\" src=\"https:\/\/rovillage.com\/fr\/ephudymu\/2022\/06\/3-1.png\" alt=\"Awesome Image\"><\/div>                    <div class=\"inner-box\">\n                        <div class=\"image-block\"><div class=\"img_hover_1\"><img decoding=\"async\" src=\"https:\/\/rovillage.com\/fr\/ephudymu\/2022\/06\/3-1.png\" alt=\"Awesome Image\"><\/div><\/div>                        <div class=\"text-three\"><span><br><\/br><br>Exp\u00e9riences dans les villages traditionnels<\/span><br> \nMode de vie en Transylvanie<\/div>                    <\/div>\n                <\/div>\n                <div class=\"col-lg-6 why-choose-us-block\">\n                    <div class=\"text-two\">Escapade en montagne ou travail \u00e0 distance, dans le silence le plus complet ? Notre saison d'ouverture vient de commencer - de juin \u00e0 septembre cette ann\u00e9e.<\/div>                    <div class=\"icon-list\">\n                     \t                        <ul>\n                                                      <li><i class=\"flaticon-checkmark\"><\/i>Piscine priv\u00e9e <\/li>\n                                                      <li><i class=\"flaticon-checkmark\"><\/i>Ferme d'animaux<\/li>\n                                                      <li><i class=\"flaticon-checkmark\"><\/i>Randonn\u00e9es en montagne <\/li>\n                                                      <li><i class=\"flaticon-checkmark\"><\/i>Saunas<\/li>\n                                                      <li><i class=\"flaticon-checkmark\"><\/I>Spas en bois<\/li>\n                                                      <li><i class=\"flaticon-checkmark\"><\/I>Saline<\/li>\n                                                      <li><i class=\"flaticon-checkmark\"><\/i>Alimentation traditionnelle<\/li>\n                                                      <li><i class=\"flaticon-checkmark\"><\/i>Feu de nuit<\/li>\n                                                      <li><\/li>\n                                                   <\/ul>\n                                            <\/div>\n                <\/div>\n            <\/div>\n        <\/div>\n    <\/section>    \n    \n    \t\t<\/div>\n\t\t\t\t<\/div>\n\t\t\t\t\t<\/div>\n\t\t<\/div>\n\t\t\t\t\t<\/div>\n\t\t<\/section>\n\t\t\t\t<\/div>\n\t\t","protected":false},"excerpt":{"rendered":"<p>CONCEPT TRADITIONNEL UNIQUE Un village de montagne dont l&#8217;histoire remonte aux ann\u00e9es 1900, il y a 120 ans. R\u00e9servez votre s\u00e9jour dans l&#8217;un des plus anciens villages traditionnels des monts Apuseni, datant des ann\u00e9es 1900. L&#8217;endroit id\u00e9al pour renouer avec la nature environnante et respirer l&#8217;air frais \u00e0 plus de 750 m\u00e8tres d&#8217;altitude. D\u00e9couvrez la [&hellip;]<\/p>\n","protected":false},"author":1,"featured_media":0,"parent":0,"menu_order":0,"comment_status":"closed","ping_status":"closed","template":"tpl-default-elementor.php","meta":{"footnotes":""},"class_list":["post-809","page","type-page","status-publish","hentry"],"aioseo_notices":[],"_links":{"self":[{"href":"https:\/\/rovillage.com\/fr\/wp-json\/wp\/v2\/pages\/809","targetHints":{"allow":["GET"]}}],"collection":[{"href":"https:\/\/rovillage.com\/fr\/wp-json\/wp\/v2\/pages"}],"about":[{"href":"https:\/\/rovillage.com\/fr\/wp-json\/wp\/v2\/types\/page"}],"author":[{"embeddable":true,"href":"https:\/\/rovillage.com\/fr\/wp-json\/wp\/v2\/users\/1"}],"replies":[{"embeddable":true,"href":"https:\/\/rovillage.com\/fr\/wp-json\/wp\/v2\/comments?post=809"}],"version-history":[{"count":9,"href":"https:\/\/rovillage.com\/fr\/wp-json\/wp\/v2\/pages\/809\/revisions"}],"predecessor-version":[{"id":3943,"href":"https:\/\/rovillage.com\/fr\/wp-json\/wp\/v2\/pages\/809\/revisions\/3943"}],"wp:attachment":[{"href":"https:\/\/rovillage.com\/fr\/wp-json\/wp\/v2\/media?parent=809"}],"curies":[{"name":"wp","href":"https:\/\/api.w.org\/{rel}","templated":true}]}}