{"id":811,"date":"2021-12-20T10:51:50","date_gmt":"2021-12-20T10:51:50","guid":{"rendered":"http:\/\/fastwpdemo.com\/newwp\/bluebell\/?page_id=811"},"modified":"2022-09-02T03:51:49","modified_gmt":"2022-09-02T03:51:49","slug":"notre-historique","status":"publish","type":"page","link":"https:\/\/rovillage.com\/fr\/notre-historique\/","title":{"rendered":"Notre historique"},"content":{"rendered":"\t\t<div data-elementor-type=\"wp-page\" data-elementor-id=\"811\" class=\"elementor elementor-811\">\n\t\t\t\t\t\t<section class=\"elementor-section elementor-top-section elementor-element elementor-element-f81e4dc elementor-section-full_width elementor-section-height-default elementor-section-height-default\" data-id=\"f81e4dc\" data-element_type=\"section\">\n\t\t\t\t\t\t<div class=\"elementor-container elementor-column-gap-default\">\n\t\t\t\t\t<div class=\"elementor-column elementor-col-100 elementor-top-column elementor-element elementor-element-c279ac1\" data-id=\"c279ac1\" data-element_type=\"column\">\n\t\t\t<div class=\"elementor-widget-wrap elementor-element-populated\">\n\t\t\t\t\t\t<div class=\"elementor-element elementor-element-5a7f92c elementor-widget elementor-widget-bluebell_our_history\" data-id=\"5a7f92c\" data-element_type=\"widget\" data-widget_type=\"bluebell_our_history.default\">\n\t\t\t\t<div class=\"elementor-widget-container\">\n\t\t\t        \n\t\n    <section class=\"history-section light-bg mx-60 border-shape-top border-shape-bottom\">\n        <div class=\"auto-container\">\n            <div class=\"mb_100\">\n                <div class=\"row\">\n                    <div class=\"col-lg-7\">\n                        <div class=\"content\">\n                            <h3>DAT\u00c9 DE L'ANN\u00c9E 1900<\/h3>                            <h2>R\u00e9unir la vie dans un vieux village traditionnel de 1900. Une retraite sp\u00e9ciale et silencieuse.<\/h2>                            \n\t\t\t\t\t\t\t                            <div class=\"text\">\n                                Ici, dans les montagnes Apuseni, l'endroit o\u00f9 la nature trouve son \u00e9quilibre parfait. Venez profiter d'un mode de vie traditionnel, d'une exp\u00e9rience unique au milieu de la nature.  \n<br>\n<br>Maisons rurales respectueuses de l'environnement, entour\u00e9es d'une nature totalement sauvage. \u00c9vasion relaxante ou exploration d'aventure, \u00e0 votre convenance. Tous les clients de l'h\u00f4tel ont acc\u00e8s \u00e0 la piscine, aux trois bains \u00e0 remous, aux deux salines et aux deux saunas disponibles sur place.\n\n<br>\n<br>Vous aimez les animaux ou le jardinage ? Les animaux de notre ferme situ\u00e9e pr\u00e8s du village seront ravis de conna\u00eetre votre visite \u00e0 la retraite RoVillage. D\u00e9couvrez un endroit plein de joie pure et de bonheur parmi les poules, les canards, les lapins mignons, les cochons, les ch\u00e8vres, les moutons, les vaches, trois beaux chevaux, un poney, et nos amis proches les chiens et les chats.\n                            <\/div>\n                                                    <\/div>\n                    <\/div>\n                    \n                                        <div class=\"col-lg-5\">\n                        <div class=\"image\"><img decoding=\"async\" src=\"https:\/\/rovillage.com\/fr\/ephudymu\/2022\/06\/DSC_2041-scaled-1.jpg\" alt=\"Awesome Image\"><\/div>\n                    <\/div>\n                                    <\/div>\n            <\/div>\n          \n                        <div class=\"history-block\">\n                <div class=\"years\">2022<\/div>                \n                <div class=\"content\">\n                    <h4>Saison de lancement - de juin \u00e0 septembre.<\/h4>                    <div class=\"text\">Notre village de retraite est pr\u00eat \u00e0 vous accueillir dans un lieu de pure harmonie, avec une vue imprenable sur les environs, de l'eau propre, de belles maisons et toutes les commodit\u00e9s dont nous esp\u00e9rons pouvoir profiter pendant votre s\u00e9jour. \n <\/div>                   \n                                        \n                                        <div class=\"text\">\n                        Nous accueillons nos h\u00f4tes de juin \u00e0 septembre, la saison id\u00e9ale pour profiter pleinement de l'endroit.\n                    <\/div>\n                                   <\/div>\n           <\/div>\n                       <div class=\"history-block\">\n                <div class=\"years\">2006<\/div>                \n                <div class=\"content\">\n                    <h4>Augmenter les installations de retraite.<\/h4>                    <div class=\"text\">Un lieu sauvage oubli\u00e9 du temps a toujours des surprises inattendues, mais aussi une part de beaut\u00e9. Voir l'endroit s'\u00e9panouir chaque jour a \u00e9t\u00e9 un v\u00e9ritable accomplissement.  L'augmentation des installations de retraite \u00e9tait le principal d\u00e9fi. Un endroit sauvage et oubli\u00e9 du temps a toujours des surprises inattendues, mais aussi une belle partie. Voir l'endroit fleurir chaque jour \u00e9tait un v\u00e9ritable accomplissement.  \n\n <\/div>                   \n                                        \n                                   <\/div>\n           <\/div>\n                       <div class=\"history-block\">\n                <div class=\"years\">2000<\/div>                \n                <div class=\"content\">\n                    <h4>La premi\u00e8re interaction avec ce lieu oubli\u00e9 par le temps.<\/h4>                    <div class=\"text\">Il y a un moment o\u00f9 l'on cherche l'endroit id\u00e9al pour trouver des moments de \"paix et de tranquillit\u00e9\". Nous les avons trouv\u00e9s ici, \u00e0 la retraite RoVillage. En commen\u00e7ant par l'acquisition de la premi\u00e8re maison rurale et du terrain. <\/div>                   \n                                        \n                                        <div class=\"text\">\n                        Nous avons trouv\u00e9 l'air id\u00e9al \u00e0 respirer, l'endroit parfait pour faire pousser la ferme de nos \"r\u00eaves\" et pour commencer notre voyage.                    <\/div>\n                                   <\/div>\n           <\/div>\n                       <div class=\"history-block\">\n                <div class=\"years\">1900<\/div>                \n                <div class=\"content\">\n                    <h4>Quand les habitants commencent \u00e0 construire le village rural.<\/h4>                    <div class=\"text\">Il y a de nombreuses ann\u00e9es, cet endroit vivait ses meilleures ann\u00e9es, dans les ann\u00e9es 1900. \n <\/div>                   \n                                        \n                                        <div class=\"text\">\n                        <p>Vivre tranquillement, au milieu de la nature. Ici, il ne reste que 2 vieux habitants pr\u00e8s du village, vivant une vie simple dans la paix et l'harmonie.<\/p>\n                                        <\/div>\n                                   <\/div>\n           <\/div>\n               \t<\/div>\n    <\/section>        \n    \n\t\t\t<\/div>\n\t\t\t\t<\/div>\n\t\t\t\t\t<\/div>\n\t\t<\/div>\n\t\t\t\t\t<\/div>\n\t\t<\/section>\n\t\t\t\t<\/div>\n\t\t","protected":false},"excerpt":{"rendered":"<p>DAT\u00c9 DE L&#8217;ANN\u00c9E 1900 R\u00e9unir la vie dans un vieux village traditionnel de 1900. Une retraite sp\u00e9ciale et silencieuse. Ici, dans les montagnes Apuseni, l&#8217;endroit o\u00f9 la nature trouve son \u00e9quilibre parfait. Venez profiter d&#8217;un mode de vie traditionnel, d&#8217;une exp\u00e9rience unique au milieu de la nature. Maisons rurales respectueuses de l&#8217;environnement, entour\u00e9es d&#8217;une nature [&hellip;]<\/p>\n","protected":false},"author":1,"featured_media":0,"parent":0,"menu_order":0,"comment_status":"closed","ping_status":"closed","template":"tpl-default-elementor.php","meta":{"footnotes":""},"class_list":["post-811","page","type-page","status-publish","hentry"],"aioseo_notices":[],"_links":{"self":[{"href":"https:\/\/rovillage.com\/fr\/wp-json\/wp\/v2\/pages\/811","targetHints":{"allow":["GET"]}}],"collection":[{"href":"https:\/\/rovillage.com\/fr\/wp-json\/wp\/v2\/pages"}],"about":[{"href":"https:\/\/rovillage.com\/fr\/wp-json\/wp\/v2\/types\/page"}],"author":[{"embeddable":true,"href":"https:\/\/rovillage.com\/fr\/wp-json\/wp\/v2\/users\/1"}],"replies":[{"embeddable":true,"href":"https:\/\/rovillage.com\/fr\/wp-json\/wp\/v2\/comments?post=811"}],"version-history":[{"count":6,"href":"https:\/\/rovillage.com\/fr\/wp-json\/wp\/v2\/pages\/811\/revisions"}],"predecessor-version":[{"id":3940,"href":"https:\/\/rovillage.com\/fr\/wp-json\/wp\/v2\/pages\/811\/revisions\/3940"}],"wp:attachment":[{"href":"https:\/\/rovillage.com\/fr\/wp-json\/wp\/v2\/media?parent=811"}],"curies":[{"name":"wp","href":"https:\/\/api.w.org\/{rel}","templated":true}]}}