{"id":940,"date":"2021-12-23T11:27:55","date_gmt":"2021-12-23T11:27:55","guid":{"rendered":"http:\/\/fastwpdemo.com\/newwp\/bluebell\/?page_id=940"},"modified":"2025-04-03T12:48:23","modified_gmt":"2025-04-03T12:48:23","slug":"alimentation-traditionnelle","status":"publish","type":"page","link":"https:\/\/rovillage.com\/fr\/alimentation-traditionnelle\/","title":{"rendered":"Alimentation traditionnelle"},"content":{"rendered":"\t\t<div data-elementor-type=\"wp-page\" data-elementor-id=\"940\" class=\"elementor elementor-940\">\n\t\t\t\t\t\t<section class=\"elementor-section elementor-top-section elementor-element elementor-element-3549a04 elementor-section-full_width elementor-section-height-default elementor-section-height-default\" data-id=\"3549a04\" data-element_type=\"section\">\n\t\t\t\t\t\t<div class=\"elementor-container elementor-column-gap-default\">\n\t\t\t\t\t<div class=\"elementor-column elementor-col-100 elementor-top-column elementor-element elementor-element-3668e6f\" data-id=\"3668e6f\" data-element_type=\"column\">\n\t\t\t<div class=\"elementor-widget-wrap elementor-element-populated\">\n\t\t\t\t\t\t<div class=\"elementor-element elementor-element-2467404 elementor-widget elementor-widget-bluebell_our_restaurant\" data-id=\"2467404\" data-element_type=\"widget\" data-widget_type=\"bluebell_our_restaurant.default\">\n\t\t\t\t<div class=\"elementor-widget-container\">\n\t\t\t        \n\t\n    <section class=\"restaurant-section light-bg mx-60 border-shape-top\">\n        <div class=\"auto-container\">\n            <div class=\"row\">\n                <div class=\"col-lg-6\">\n                    <div class=\"sub-title\">Gastronome de Transylvanie<\/div>                    <div class=\"text\">De la nourriture pour l'\u00e2me. Faites plaisir \u00e0 vos sens avec de vieilles recettes traditionnelles pr\u00e9par\u00e9es uniquement \u00e0 partir d'ingr\u00e9dients locaux naturels et toujours frais - provenant directement de notre ferme \u00e9cologique et de la nature environnante.<\/div>                    <div class=\"text-two\">Profitez de l'espace ouvert du restaurant et du bar, \u00e0 deux pas de la nature, des for\u00eats infinies et des montagnes. L'endroit qui rassemble tous nos invit\u00e9s autour d'un chalet traditionnel en bois unique.\n\n\n<br>\n<br>Faites-nous savoir \u00e0 l'avance si vous avez des pr\u00e9f\u00e9rences alimentaires : menu v\u00e9g\u00e9tarien, v\u00e9g\u00e9talien ou allergies alimentaires. L'ensemble du menu sera communiqu\u00e9 \u00e0 l'avance.\n<br>\n<br>\nLes enfants de moins de 3 ans b\u00e9n\u00e9ficient de la gratuit\u00e9, et les enfants de 4 \u00e0 11 ans b\u00e9n\u00e9ficient d'une r\u00e9duction de 50 % sur les repas.\n<br>\n<br>Ouvert exclusivement pour nos clients internes.\n<\/div>                    <div class=\"inner-box\">\n                        <div class=\"row\">\n                                                        <div class=\"col-lg-6 col-sm-6 col-xs-12\">\n                                <div class=\"date\">Jours d'ouverture :<br> Lundi - Dimanche | 7:00 am - 12:00 pm\n<br>Petit-d\u00e9jeuner | 09:00 - 10:30\n<br>D\u00e9jeuner | 13:30 - 15:00\n<br>L'heure du d\u00eener | 19:30 - 21:00\n\n<br> Prix : 20 \u20ac par personne.<\/div>\n                            <\/div>\n                                                                                <\/div>\n                    <\/div>\n                    <div class=\"row\">\n                                                <div class=\"col-lg-4\">\n                            <div class=\"link-btn\"><a href=\"https:\/\/rovillage.com\/houses\/\" class=\"theme-btn btn-style-one\"><span>R\u00e9servation<\/span><\/a><\/div>\n                        <\/div>\n                                                \n                                                <div class=\"col-lg-8\">\n                            <div class=\"content\">Ou appelez-nous :  0040728959697<\/div>\n                        <\/div>\n                                            <\/div>\n                <\/div>\n                                <div class=\"col-lg-6\">\n                    <div class=\"image\"><img decoding=\"async\" src=\"https:\/\/rovillage.com\/fr\/ephudymu\/2022\/06\/1-10.png\" alt=\"Awesome Image\"><\/div>\n                <\/div>\n                                \n            <\/div>\n        <\/div>\n    <\/section>        \n    \n    \t\t<\/div>\n\t\t\t\t<\/div>\n\t\t\t\t\t<\/div>\n\t\t<\/div>\n\t\t\t\t\t<\/div>\n\t\t<\/section>\n\t\t\t\t<section class=\"elementor-section elementor-top-section elementor-element elementor-element-0c55723 elementor-section-full_width elementor-section-height-default elementor-section-height-default\" data-id=\"0c55723\" data-element_type=\"section\">\n\t\t\t\t\t\t<div class=\"elementor-container elementor-column-gap-default\">\n\t\t\t\t\t<div class=\"elementor-column elementor-col-100 elementor-top-column elementor-element elementor-element-4e4956c\" data-id=\"4e4956c\" data-element_type=\"column\">\n\t\t\t<div class=\"elementor-widget-wrap elementor-element-populated\">\n\t\t\t\t\t\t<div class=\"elementor-element elementor-element-286df8d elementor-widget elementor-widget-bluebell_our_specilities\" data-id=\"286df8d\" data-element_type=\"widget\" data-widget_type=\"bluebell_our_specilities.default\">\n\t\t\t\t<div class=\"elementor-widget-container\">\n\t\t\t        \n\t\n    <section class=\"our-specilities-section pt-0 light-bg  mx-60\">\n        <div class=\"auto-container\">\n            <div class=\"sub-title\">Cuisine roumaine traditionnelle<\/div>            <h2 class=\"sec-title\">Les sp\u00e9cialit\u00e9s de notre chef <\/h2>            <div class=\"row\">\n      \t                        <div class=\"col-lg-3\">\n                    <div class=\"image\"><img decoding=\"async\" src=\"https:\/\/rovillage.com\/fr\/ephudymu\/2022\/06\/2-8.png\" alt=\"Awesome Image\"><\/div>                    <h5>Pain fait maison<\/h5>                    <div class=\"text\">Pain traditionnel fait maison, fabriqu\u00e9 selon la recette de la grand-m\u00e8re locale \"Tu\u021ba\".<\/div>                <\/div>\n                                <div class=\"col-lg-3\">\n                    <div class=\"image\"><img decoding=\"async\" src=\"https:\/\/rovillage.com\/fr\/ephudymu\/2022\/05\/food.jpg\" alt=\"Awesome Image\"><\/div>                    <h5>App\u00e9tissants populaires<\/h5>                    <div class=\"text\">Des d\u00e9lices toujours frais et d\u00e9licieux, fabriqu\u00e9s \u00e0 la main \u00e0 partir de notre ferme locale RoVillage. <\/div>                <\/div>\n                                <div class=\"col-lg-3\">\n                    <div class=\"image\"><img decoding=\"async\" src=\"https:\/\/rovillage.com\/fr\/ephudymu\/2022\/06\/6-3.png\" alt=\"Awesome Image\"><\/div>                    <h5>Plats principaux locaux<\/h5>                    <div class=\"text\">Plats principaux populaires pour le d\u00e9jeuner ou le d\u00eener, plats faits maison \u00e0 partir de recettes locales.<\/div>                <\/div>\n                                <div class=\"col-lg-3\">\n                    <div class=\"image\"><img decoding=\"async\" src=\"https:\/\/rovillage.com\/fr\/ephudymu\/2022\/06\/Untitled-design.png\" alt=\"Awesome Image\"><\/div>                    <h5>Grillades r\u00f4ties <\/h5>                    <div class=\"text\">Viande ou l\u00e9gumes r\u00f4tis\/grill\u00e9s, chaudrons \u00e0 cuisson lente recettes traditionnelles.<\/div>                <\/div>\n                            <\/div>\n        <\/div>\n    <\/section>        \n    \n\t\t\t<\/div>\n\t\t\t\t<\/div>\n\t\t\t\t\t<\/div>\n\t\t<\/div>\n\t\t\t\t\t<\/div>\n\t\t<\/section>\n\t\t\t\t<section class=\"elementor-section elementor-top-section elementor-element elementor-element-794cae6 elementor-section-boxed elementor-section-height-default elementor-section-height-default\" data-id=\"794cae6\" data-element_type=\"section\">\n\t\t\t\t\t\t<div class=\"elementor-container elementor-column-gap-default\">\n\t\t\t\t\t<div class=\"elementor-column elementor-col-100 elementor-top-column elementor-element elementor-element-1667a47\" data-id=\"1667a47\" data-element_type=\"column\">\n\t\t\t<div class=\"elementor-widget-wrap elementor-element-populated\">\n\t\t\t\t\t\t<div class=\"elementor-element elementor-element-0c59c4c elementor-widget elementor-widget-image\" data-id=\"0c59c4c\" data-element_type=\"widget\" data-widget_type=\"image.default\">\n\t\t\t\t<div class=\"elementor-widget-container\">\n\t\t\t<style>\/*! elementor - v3.21.0 - 26-05-2024 *\/\n.elementor-widget-image{text-align:center}.elementor-widget-image a{display:inline-block}.elementor-widget-image a img[src$=\".svg\"]{width:48px}.elementor-widget-image img{vertical-align:middle;display:inline-block}<\/style>\t\t\t\t\t\t\t\t\t\t<img fetchpriority=\"high\" decoding=\"async\" width=\"1200\" height=\"800\" src=\"https:\/\/rovillage.com\/fr\/ephudymu\/2022\/06\/2-1.png\" class=\"attachment-full size-full wp-image-2619\" alt=\"\" srcset=\"https:\/\/rovillage.com\/fr\/ephudymu\/2022\/06\/2-1.png 1200w, https:\/\/rovillage.com\/fr\/ephudymu\/2022\/06\/2-1-300x200.png 300w, https:\/\/rovillage.com\/fr\/ephudymu\/2022\/06\/2-1-1024x683.png 1024w, https:\/\/rovillage.com\/fr\/ephudymu\/2022\/06\/2-1-768x512.png 768w\" sizes=\"(max-width: 1200px) 100vw, 1200px\" \/>\t\t\t\t\t\t\t\t\t\t\t\t\t<\/div>\n\t\t\t\t<\/div>\n\t\t\t\t<div class=\"elementor-element elementor-element-bbce88d elementor-arrows-position-inside elementor-pagination-position-outside elementor-widget elementor-widget-image-carousel\" data-id=\"bbce88d\" data-element_type=\"widget\" data-settings=\"{&quot;navigation&quot;:&quot;both&quot;,&quot;autoplay&quot;:&quot;yes&quot;,&quot;pause_on_hover&quot;:&quot;yes&quot;,&quot;pause_on_interaction&quot;:&quot;yes&quot;,&quot;autoplay_speed&quot;:5000,&quot;infinite&quot;:&quot;yes&quot;,&quot;speed&quot;:500}\" data-widget_type=\"image-carousel.default\">\n\t\t\t\t<div class=\"elementor-widget-container\">\n\t\t\t<style>\/*! elementor - v3.21.0 - 26-05-2024 *\/\n.elementor-widget-image-carousel .swiper,.elementor-widget-image-carousel .swiper-container{position:static}.elementor-widget-image-carousel .swiper-container .swiper-slide figure,.elementor-widget-image-carousel .swiper .swiper-slide figure{line-height:inherit}.elementor-widget-image-carousel .swiper-slide{text-align:center}.elementor-image-carousel-wrapper:not(.swiper-container-initialized):not(.swiper-initialized) .swiper-slide{max-width:calc(100% \/ var(--e-image-carousel-slides-to-show, 3))}<\/style>\t\t<div class=\"elementor-image-carousel-wrapper swiper\" dir=\"ltr\">\n\t\t\t<div class=\"elementor-image-carousel swiper-wrapper\" aria-live=\"off\">\n\t\t\t\t\t\t\t\t<div class=\"swiper-slide\" role=\"group\" aria-roledescription=\"slide\" aria-label=\"1 of 14\"><figure class=\"swiper-slide-inner\"><img decoding=\"async\" class=\"swiper-slide-image\" src=\"https:\/\/rovillage.com\/fr\/ephudymu\/2022\/06\/traditional-food-4.jpg\" alt=\"Traditional Houses for Rent in Hunedoara County. Houses for rent in Transylvania. Book a traditional house in Romania.\" \/><\/figure><\/div><div class=\"swiper-slide\" role=\"group\" aria-roledescription=\"slide\" aria-label=\"2 of 14\"><figure class=\"swiper-slide-inner\"><img decoding=\"async\" class=\"swiper-slide-image\" src=\"https:\/\/rovillage.com\/fr\/ephudymu\/2022\/06\/traditional-food-3.jpg\" alt=\"Traditional Houses for Rent in Hunedoara County. Houses for rent in Transylvania. Book a traditional house in Romania.\" \/><\/figure><\/div><div class=\"swiper-slide\" role=\"group\" aria-roledescription=\"slide\" aria-label=\"3 of 14\"><figure class=\"swiper-slide-inner\"><img decoding=\"async\" class=\"swiper-slide-image\" src=\"https:\/\/rovillage.com\/fr\/ephudymu\/2022\/06\/traditional-food-2.jpg\" alt=\"Traditional Houses for Rent in Hunedoara County. Houses for rent in Transylvania. Book a traditional house in Romania.\" \/><\/figure><\/div><div class=\"swiper-slide\" role=\"group\" aria-roledescription=\"slide\" aria-label=\"4 of 14\"><figure class=\"swiper-slide-inner\"><img decoding=\"async\" class=\"swiper-slide-image\" src=\"https:\/\/rovillage.com\/fr\/ephudymu\/2022\/06\/traditional-food-1.jpg\" alt=\"Traditional Houses for Rent in Hunedoara County. Houses for rent in Transylvania. Book a traditional house in Romania.\" \/><\/figure><\/div><div class=\"swiper-slide\" role=\"group\" aria-roledescription=\"slide\" aria-label=\"5 of 14\"><figure class=\"swiper-slide-inner\"><img decoding=\"async\" class=\"swiper-slide-image\" src=\"https:\/\/rovillage.com\/fr\/ephudymu\/2022\/06\/6-2.png\" alt=\"6\" \/><\/figure><\/div><div class=\"swiper-slide\" role=\"group\" aria-roledescription=\"slide\" aria-label=\"6 of 14\"><figure class=\"swiper-slide-inner\"><img decoding=\"async\" class=\"swiper-slide-image\" src=\"https:\/\/rovillage.com\/fr\/ephudymu\/2022\/01\/rovillage-house-1-room-2-37.jpg\" alt=\"rovillage house 1 room 2-37\" \/><\/figure><\/div><div class=\"swiper-slide\" role=\"group\" aria-roledescription=\"slide\" aria-label=\"7 of 14\"><figure class=\"swiper-slide-inner\"><img decoding=\"async\" class=\"swiper-slide-image\" src=\"https:\/\/rovillage.com\/fr\/ephudymu\/2022\/06\/1-7.png\" alt=\"1\" \/><\/figure><\/div><div class=\"swiper-slide\" role=\"group\" aria-roledescription=\"slide\" aria-label=\"8 of 14\"><figure class=\"swiper-slide-inner\"><img decoding=\"async\" class=\"swiper-slide-image\" src=\"https:\/\/rovillage.com\/fr\/ephudymu\/2022\/06\/1-8.png\" alt=\"RoVillage - Traditional Romanian Food\" \/><\/figure><\/div><div class=\"swiper-slide\" role=\"group\" aria-roledescription=\"slide\" aria-label=\"9 of 14\"><figure class=\"swiper-slide-inner\"><img decoding=\"async\" class=\"swiper-slide-image\" src=\"https:\/\/rovillage.com\/fr\/ephudymu\/2022\/06\/3-5.png\" alt=\"RoVillage - Traditional Romanian Food\" \/><\/figure><\/div><div class=\"swiper-slide\" role=\"group\" aria-roledescription=\"slide\" aria-label=\"10 of 14\"><figure class=\"swiper-slide-inner\"><img decoding=\"async\" class=\"swiper-slide-image\" src=\"https:\/\/rovillage.com\/fr\/ephudymu\/2022\/06\/4-3.png\" alt=\"4\" \/><\/figure><\/div><div class=\"swiper-slide\" role=\"group\" aria-roledescription=\"slide\" aria-label=\"11 of 14\"><figure class=\"swiper-slide-inner\"><img decoding=\"async\" class=\"swiper-slide-image\" src=\"https:\/\/rovillage.com\/fr\/ephudymu\/2022\/06\/2.png\" alt=\"2\" \/><\/figure><\/div><div class=\"swiper-slide\" role=\"group\" aria-roledescription=\"slide\" aria-label=\"12 of 14\"><figure class=\"swiper-slide-inner\"><img decoding=\"async\" class=\"swiper-slide-image\" src=\"https:\/\/rovillage.com\/fr\/ephudymu\/2022\/06\/3.png\" alt=\"3\" \/><\/figure><\/div><div class=\"swiper-slide\" role=\"group\" aria-roledescription=\"slide\" aria-label=\"13 of 14\"><figure class=\"swiper-slide-inner\"><img decoding=\"async\" class=\"swiper-slide-image\" src=\"https:\/\/rovillage.com\/fr\/ephudymu\/2022\/05\/food.jpg\" alt=\"food\" \/><\/figure><\/div><div class=\"swiper-slide\" role=\"group\" aria-roledescription=\"slide\" aria-label=\"14 of 14\"><figure class=\"swiper-slide-inner\"><img decoding=\"async\" class=\"swiper-slide-image\" src=\"https:\/\/rovillage.com\/fr\/ephudymu\/2022\/06\/2-7.png\" alt=\"RoVillage - Traditional Romanian Food\" \/><\/figure><\/div>\t\t\t<\/div>\n\t\t\t\t\t\t\t\t\t\t\t\t<div class=\"elementor-swiper-button elementor-swiper-button-prev\" role=\"button\" tabindex=\"0\">\n\t\t\t\t\t\t<i aria-hidden=\"true\" class=\"eicon-chevron-left\"><\/i>\t\t\t\t\t<\/div>\n\t\t\t\t\t<div class=\"elementor-swiper-button elementor-swiper-button-next\" role=\"button\" tabindex=\"0\">\n\t\t\t\t\t\t<i aria-hidden=\"true\" class=\"eicon-chevron-right\"><\/i>\t\t\t\t\t<\/div>\n\t\t\t\t\n\t\t\t\t\t\t\t\t\t<div class=\"swiper-pagination\"><\/div>\n\t\t\t\t\t\t\t\t\t<\/div>\n\t\t\t\t<\/div>\n\t\t\t\t<\/div>\n\t\t\t\t\t<\/div>\n\t\t<\/div>\n\t\t\t\t\t<\/div>\n\t\t<\/section>\n\t\t\t\t<\/div>\n\t\t","protected":false},"excerpt":{"rendered":"<p>Gastronome de Transylvanie De la nourriture pour l&#8217;\u00e2me. Faites plaisir \u00e0 vos sens avec de vieilles recettes traditionnelles pr\u00e9par\u00e9es uniquement \u00e0 partir d&#8217;ingr\u00e9dients locaux naturels et toujours frais &#8211; provenant directement de notre ferme \u00e9cologique et de la nature environnante. Profitez de l&#8217;espace ouvert du restaurant et du bar, \u00e0 deux pas de la nature, [&hellip;]<\/p>\n","protected":false},"author":1,"featured_media":0,"parent":0,"menu_order":0,"comment_status":"closed","ping_status":"closed","template":"tpl-default-elementor.php","meta":{"footnotes":""},"class_list":["post-940","page","type-page","status-publish","hentry"],"aioseo_notices":[],"_links":{"self":[{"href":"https:\/\/rovillage.com\/fr\/wp-json\/wp\/v2\/pages\/940","targetHints":{"allow":["GET"]}}],"collection":[{"href":"https:\/\/rovillage.com\/fr\/wp-json\/wp\/v2\/pages"}],"about":[{"href":"https:\/\/rovillage.com\/fr\/wp-json\/wp\/v2\/types\/page"}],"author":[{"embeddable":true,"href":"https:\/\/rovillage.com\/fr\/wp-json\/wp\/v2\/users\/1"}],"replies":[{"embeddable":true,"href":"https:\/\/rovillage.com\/fr\/wp-json\/wp\/v2\/comments?post=940"}],"version-history":[{"count":15,"href":"https:\/\/rovillage.com\/fr\/wp-json\/wp\/v2\/pages\/940\/revisions"}],"predecessor-version":[{"id":3952,"href":"https:\/\/rovillage.com\/fr\/wp-json\/wp\/v2\/pages\/940\/revisions\/3952"}],"wp:attachment":[{"href":"https:\/\/rovillage.com\/fr\/wp-json\/wp\/v2\/media?parent=940"}],"curies":[{"name":"wp","href":"https:\/\/api.w.org\/{rel}","templated":true}]}}