{"id":942,"date":"2021-12-23T11:29:03","date_gmt":"2021-12-23T11:29:03","guid":{"rendered":"http:\/\/fastwpdemo.com\/newwp\/bluebell\/?page_id=942"},"modified":"2022-09-02T03:53:54","modified_gmt":"2022-09-02T03:53:54","slug":"spa-relax","status":"publish","type":"page","link":"https:\/\/rovillage.com\/fr\/spa-relax\/","title":{"rendered":"Spa &#038; Relax"},"content":{"rendered":"\t\t<div data-elementor-type=\"wp-page\" data-elementor-id=\"942\" class=\"elementor elementor-942\">\n\t\t\t\t\t\t<section class=\"elementor-section elementor-top-section elementor-element elementor-element-ef60037 elementor-section-full_width elementor-section-height-default elementor-section-height-default\" data-id=\"ef60037\" data-element_type=\"section\">\n\t\t\t\t\t\t<div class=\"elementor-container elementor-column-gap-default\">\n\t\t\t\t\t<div class=\"elementor-column elementor-col-100 elementor-top-column elementor-element elementor-element-8f77c33\" data-id=\"8f77c33\" data-element_type=\"column\">\n\t\t\t<div class=\"elementor-widget-wrap elementor-element-populated\">\n\t\t\t\t\t\t<div class=\"elementor-element elementor-element-3dde2d7 elementor-widget elementor-widget-bluebell_spa_wellness\" data-id=\"3dde2d7\" data-element_type=\"widget\" data-widget_type=\"bluebell_spa_wellness.default\">\n\t\t\t\t<div class=\"elementor-widget-container\">\n\t\t\t        \n\t\n    <section class=\"holetic-section light-bg mx-60 border-shape-top\">\n        <div class=\"auto-container\">\n            <div class=\"row\">\n                <div class=\"col-lg-4\">\n                    <div class=\"sub-title\">SPA &amp; WELLNESS<\/div>                    <h2 class=\"sec-title\">Bains \u00e0 remous, saunas, salines et piscine ouverte.<\/h2>                    <div class=\"text\">D\u00e9tendez votre esprit et votre corps. Des vues incroyables, de l'air frais et un silence total.\n\n<br>\n<br>Nous vous proposons des salines, des saunas secs, des bains \u00e0 remous pour les froides nuits d'\u00e9t\u00e9, et une piscine priv\u00e9e avec une vue imprenable sur les montagnes de Gaina.<\/div>                <\/div>\n                                <div class=\"col-lg-4\">\n                    <div class=\"image\"><img decoding=\"async\" src=\"https:\/\/rovillage.com\/fr\/ephudymu\/2022\/06\/piscina2.jpg\" alt=\"Awesome Image\"><\/div>\n                <\/div>\n                                                <div class=\"col-lg-4\">\n                    <div class=\"image\"><img decoding=\"async\" src=\"https:\/\/rovillage.com\/fr\/ephudymu\/2022\/06\/8-2.png\" alt=\"Awesome Image\"><\/div>                                    <\/div>\n                            <\/div>\n        <\/div>\n    <\/section>        \n    \n    \t\t<\/div>\n\t\t\t\t<\/div>\n\t\t\t\t<div class=\"elementor-element elementor-element-32b29aa elementor-widget elementor-widget-bluebell_our_packages\" data-id=\"32b29aa\" data-element_type=\"widget\" data-widget_type=\"bluebell_our_packages.default\">\n\t\t\t\t<div class=\"elementor-widget-container\">\n\t\t\t        \n    \n    <section class=\"featured-section light-bg mx-60 border-shape-bottom\">\n        <div class=\"bg\"><\/div>\n        <div class=\"auto-container\">\n            <h2 class=\"sec-title text-light\">Wellness &amp; Spa, au c\u0153ur des montagnes. Th\u00e9rapie pour un esprit et un corps sains. <\/h2>            <div class=\"text text-light\">Au fil des ans, nous avons cr\u00e9\u00e9 un endroit id\u00e9al pour prendre soin de votre corps et vous d\u00e9tendre, au c\u0153ur de la nature - \u00e0 plus de 750 m\u00e8tres d'altitude.\n<br>TProfitez de ce que la nature a de mieux \u00e0 offrir, une th\u00e9rapie sp\u00e9ciale pour l'esprit et l'\u00e2me.\n<\/div>            <div class=\"row\">\n                                <div class=\"col-lg-4\">\n                    <div class=\"featured-block\">\n                        <div class=\"image\"><img decoding=\"async\" src=\"https:\/\/rovillage.com\/fr\/ephudymu\/2022\/06\/3-8.png\" alt=\"Awesome Image\"><\/div>                        <div class=\"inner-box\">\n                            <h4> Saunas<\/h4>                            <div class=\"text-two\">Les saunas secs donnent de meilleurs r\u00e9sultats. En effet, ils utilisent des temp\u00e9ratures chaudes et s\u00e8ches, qui p\u00e9n\u00e8trent le corps beaucoup plus efficacement. <\/div>                                                    <\/div>\n                    <\/div>\n                <\/div>\n                                <div class=\"col-lg-4\">\n                    <div class=\"featured-block\">\n                        <div class=\"image\"><img decoding=\"async\" src=\"https:\/\/rovillage.com\/fr\/ephudymu\/2022\/06\/4-6.png\" alt=\"Awesome Image\"><\/div>                        <div class=\"inner-box\">\n                            <h4>Salinas<\/h4>                            <div class=\"text-two\">La th\u00e9rapie par le sel est une solution tr\u00e8s efficace pour le traitement des maladies respiratoires, la d\u00e9sintoxication et la r\u00e9duction des effets de la fatigue et du stress.<\/div>                                                    <\/div>\n                    <\/div>\n                <\/div>\n                                <div class=\"col-lg-4\">\n                    <div class=\"featured-block\">\n                        <div class=\"image\"><img decoding=\"async\" src=\"https:\/\/rovillage.com\/fr\/ephudymu\/2022\/06\/6-5.png\" alt=\"Awesome Image\"><\/div>                        <div class=\"inner-box\">\n                            <h4>Spas en bois<\/h4>                            <div class=\"text-two\">L'eau chaude r\u00e9duit \u00e9galement les gonflements et d\u00e9tend les muscles tendus. Un plongeon dans le jacuzzi peut \u00e9galement am\u00e9liorer votre \u00e9tat mental.<\/div>                                                    <\/div>\n                    <\/div>\n                <\/div>\n                            <\/div>\n        <\/div>\n    <\/section>       \n    \n    \t\t<\/div>\n\t\t\t\t<\/div>\n\t\t\t\t\t<\/div>\n\t\t<\/div>\n\t\t\t\t\t<\/div>\n\t\t<\/section>\n\t\t\t\t<\/div>\n\t\t","protected":false},"excerpt":{"rendered":"<p>SPA &amp; WELLNESS Bains \u00e0 remous, saunas, salines et piscine ouverte. D\u00e9tendez votre esprit et votre corps. Des vues incroyables, de l&#8217;air frais et un silence total. Nous vous proposons des salines, des saunas secs, des bains \u00e0 remous pour les froides nuits d&#8217;\u00e9t\u00e9, et une piscine priv\u00e9e avec une vue imprenable sur les montagnes [&hellip;]<\/p>\n","protected":false},"author":1,"featured_media":0,"parent":0,"menu_order":0,"comment_status":"closed","ping_status":"closed","template":"tpl-default-elementor.php","meta":{"footnotes":""},"class_list":["post-942","page","type-page","status-publish","hentry"],"aioseo_notices":[],"_links":{"self":[{"href":"https:\/\/rovillage.com\/fr\/wp-json\/wp\/v2\/pages\/942","targetHints":{"allow":["GET"]}}],"collection":[{"href":"https:\/\/rovillage.com\/fr\/wp-json\/wp\/v2\/pages"}],"about":[{"href":"https:\/\/rovillage.com\/fr\/wp-json\/wp\/v2\/types\/page"}],"author":[{"embeddable":true,"href":"https:\/\/rovillage.com\/fr\/wp-json\/wp\/v2\/users\/1"}],"replies":[{"embeddable":true,"href":"https:\/\/rovillage.com\/fr\/wp-json\/wp\/v2\/comments?post=942"}],"version-history":[{"count":4,"href":"https:\/\/rovillage.com\/fr\/wp-json\/wp\/v2\/pages\/942\/revisions"}],"predecessor-version":[{"id":3941,"href":"https:\/\/rovillage.com\/fr\/wp-json\/wp\/v2\/pages\/942\/revisions\/3941"}],"wp:attachment":[{"href":"https:\/\/rovillage.com\/fr\/wp-json\/wp\/v2\/media?parent=942"}],"curies":[{"name":"wp","href":"https:\/\/api.w.org\/{rel}","templated":true}]}}